{"id":27,"date":"2022-04-11T09:14:39","date_gmt":"2022-04-11T09:14:39","guid":{"rendered":"https:\/\/www.cssigniter.com\/demos\/blockchain-lite\/?page_id=27"},"modified":"2022-06-23T23:01:09","modified_gmt":"2022-06-23T21:01:09","slug":"company","status":"publish","type":"page","link":"http:\/\/trener.org.pl\/index.php\/company\/","title":{"rendered":"O mnie"},"content":{"rendered":"<div class=\"wp-block-image\">\n<figure class=\"alignright size-large is-resized\"><img loading=\"lazy\" decoding=\"async\" src=\"http:\/\/trener.org.pl\/wp-content\/uploads\/2022\/06\/lukasz-dabrowka-casual-front-2021-1024x682.jpg\" alt=\"\" class=\"wp-image-69\" width=\"300\" height=\"200\"\/><figcaption>Moje motto: &#8222;Walk Your talk&#8221;<\/figcaption><\/figure>\n<\/div>\n\n\n<h3 class=\"wp-block-heading\" id=\"oscar-neira\">\u0141ukasz D\u0105br\u00f3wka<\/h3>\n\n\n\n<p>Akredytowany i certyfikowany: trener HRD BP, facylitator APMG,  mediator, coach  z 18 do\u015bwiadczeniem zawodowym w obszarze szkole\u0144, facylitacji, negocjacji, mediacji oraz doradztwa dla klient\u00f3w firm B2B, B2C (m.in. telekomunikacja, finanse, budownictwo, handel, b. spo\u017cywcza).<\/p>\n\n\n\n<p>Wykorzystuje w pracy swoje do\u015bwiadczenie mened\u017cerskie, zarz\u0105dcze w zakresie projekt\u00f3w biznesowych (wdra\u017cania strategii rozwojowych , tworzenie nowych us\u0142ug i produkt\u00f3w, transformacji cyfrowej) oraz szkoleniowo-coachingowych. <\/p>\n\n\n\n<p>Jestem praktykiem &#8211; prowadzi\u0142em firm\u0119 handlow\u0105 z dzia\u0142em sprzeda\u017cy i obs\u0142ugi klienta; zarz\u0105dzam zespo\u0142ami projektowymi, prowadz\u0119 procesy rekrutacji oraz rozwoju talent\u00f3w. To czego ucz\u0119 sam cz\u0119sto poznaj\u0119 w swojej praktyce zawodowej. <\/p>\n\n\n\n<blockquote class=\"wp-block-quote is-layout-flow wp-block-quote-is-layout-flow\"><p><strong>Unikaln\u0105 kompetencj\u0105 jest praktyka zawodowa z pracy w ka\u017cdym z sektor\u00f3w gospodarki, kt\u00f3r\u0105 skutecznie wykorzystuje w pracy dla klient\u00f3w z sektora<\/strong>: <em>biznesu<\/em> (korporacje oraz SMP), <em>organizacje pozarz\u0105dowe<\/em> (NGO),<em> administracja publiczna oraz samorz\u0105dowa<\/em>.<\/p><\/blockquote>\n\n\n\n<p>W swojej pracy wykorzystuje w\u0142asne do\u015bwiadczenie mened\u017cerskie, zarz\u0105dcze w zakresie projekt\u00f3w biznesowych (tworzenie nowych us\u0142ug i produkt\u00f3w \u2013 metodyka Strategii B\u0142\u0119kitnego Oceanu, Business Canvas, Running Lean). Realizuje procesy executive coachingu dla zarz\u0105d\u00f3w oraz coachingu dla kadry mened\u017cerskiej oraz zespo\u0142\u00f3w pracowniczych, w tym w obszarze tzw. coachingu kryzysowego.<\/p>\n\n\n\n<h3 class=\"wp-block-heading\" id=\"approaches\">Do\u015bwiadczenia zawodowe<\/h3>\n\n\n\n<p>Jest facylitatorem oraz koordynatorem prac mi\u0119dzydyscyplinarnych zespo\u0142\u00f3w projektowych w obszarach wsp\u00f3\u0142pracy mi\u0119dzysektorowej i zarz\u0105dzania projektami. Unikaln\u0105 kompetencj\u0105 jest praktyka zawodowa z pracy w ka\u017cdym z sektor\u00f3w gospodarki, kt\u00f3r\u0105 skutecznie wykorzystuje w pracy dla klient\u00f3w z sektora: biznesu (korporacje oraz SMP), organizacje pozarz\u0105dowe (NGO), administracja publiczna oraz samorz\u0105dowa.<br>Przedsi\u0119biorca \/ mened\u017cer ds. rozwoju biznesu oraz projekt\u00f3w z ponad 15 \u2013 letnim do\u015bwiadczeniem zawodowym w firmach handlowych, szkoleniowych , doradczych. Odpowiedzialny za realizacj\u0119 zada\u0144 projektowych, bud\u017cetowania, negocjacje um\u00f3w wsp\u00f3\u0142pracy oraz zarz\u0105dzanie zespo\u0142ami realizuj\u0105cymi projekty. Zarz\u0105dzaj\u0105cy zespo\u0142ami realnymi oraz \u201ewirtualnymi\u201d (praca on-line) z wykorzystaniem technik ICT oraz \u201echmurowych\u201d. Pos\u0142uguje si\u0119 biegle j\u0119zykiem angielskim.<br>Pracuj\u0105c jako ekspert Zwi\u0105zku Miast Polskich w roku 2013 zrealizowa\u0142 z ocen\u0105 bardzo dobr\u0105 cykl warsztat\u00f3w wzmacniaj\u0105cych kompetencje zawodowe pracownik\u00f3w ponad 85 partnerstw mi\u0119dzysamorz\u0105dowych z 610 instytucji (samorz\u0105d gminny, powiatowy, wojew\u00f3dzki, zwi\u0105zki komunalne, LGD, NGO.<br>Jako przedsi\u0119biorca i mened\u017cer by\u0142 odpowiedzialny za realizacj\u0119 zada\u0144 projektowych, bud\u017cetowania, negocjacje um\u00f3w wsp\u00f3\u0142pracy oraz zarz\u0105dzanie zespo\u0142ami realizuj\u0105cymi projekty. Zarz\u0105dzaj\u0105cy zespo\u0142ami realnymi oraz \u201ewirtualnymi\u201d (praca on-line) z wykorzystaniem technik ICT oraz \u201echmurowych\u201d. Pos\u0142uguje si\u0119 komunikatywnie j\u0119zykiem angielskim.<\/p>\n","protected":false},"excerpt":{"rendered":"<p>\u0141ukasz D\u0105br\u00f3wka Akredytowany i certyfikowany: trener HRD BP, facylitator APMG, mediator, coach z 18 do\u015bwiadczeniem zawodowym w obszarze szkole\u0144, facylitacji, negocjacji, mediacji oraz doradztwa dla klient\u00f3w firm B2B, B2C (m.in. telekomunikacja, finanse, budownictwo, handel, b. spo\u017cywcza). Wykorzystuje w pracy swoje do\u015bwiadczenie mened\u017cerskie, zarz\u0105dcze w zakresie projekt\u00f3w biznesowych (wdra\u017cania strategii rozwojowych , tworzenie nowych us\u0142ug i [&hellip;]<\/p>\n","protected":false},"author":1,"featured_media":0,"parent":0,"menu_order":0,"comment_status":"closed","ping_status":"closed","template":"","meta":{"footnotes":""},"class_list":["post-27","page","type-page","status-publish","hentry"],"_links":{"self":[{"href":"http:\/\/trener.org.pl\/index.php\/wp-json\/wp\/v2\/pages\/27","targetHints":{"allow":["GET"]}}],"collection":[{"href":"http:\/\/trener.org.pl\/index.php\/wp-json\/wp\/v2\/pages"}],"about":[{"href":"http:\/\/trener.org.pl\/index.php\/wp-json\/wp\/v2\/types\/page"}],"author":[{"embeddable":true,"href":"http:\/\/trener.org.pl\/index.php\/wp-json\/wp\/v2\/users\/1"}],"replies":[{"embeddable":true,"href":"http:\/\/trener.org.pl\/index.php\/wp-json\/wp\/v2\/comments?post=27"}],"version-history":[{"count":3,"href":"http:\/\/trener.org.pl\/index.php\/wp-json\/wp\/v2\/pages\/27\/revisions"}],"predecessor-version":[{"id":131,"href":"http:\/\/trener.org.pl\/index.php\/wp-json\/wp\/v2\/pages\/27\/revisions\/131"}],"wp:attachment":[{"href":"http:\/\/trener.org.pl\/index.php\/wp-json\/wp\/v2\/media?parent=27"}],"curies":[{"name":"wp","href":"https:\/\/api.w.org\/{rel}","templated":true}]}}