{"id":30,"date":"2022-04-11T09:15:49","date_gmt":"2022-04-11T09:15:49","guid":{"rendered":"https:\/\/www.cssigniter.com\/demos\/blockchain-lite\/?page_id=30"},"modified":"2022-06-23T21:52:09","modified_gmt":"2022-06-23T19:52:09","slug":"services","status":"publish","type":"page","link":"http:\/\/trener.org.pl\/index.php\/services\/","title":{"rendered":"Oferta trenerska"},"content":{"rendered":"\n<p class=\"has-medium-font-size\">Prowadz\u0119 pe\u0142ne procesy szkoleniowe oraz warsztatowe zgodnie z zapotrzebowaniem klienta. Korzystam z metodyki HRD BP &#8211; szkole\u0144 efektywnych organizacyjnie.  <\/p>\n\n\n<div class=\"wp-block-image\">\n<figure class=\"aligncenter size-large\"><img loading=\"lazy\" decoding=\"async\" width=\"1024\" height=\"324\" src=\"http:\/\/trener.org.pl\/wp-content\/uploads\/2022\/06\/seo-etapy-dzialania-1024x324.png\" alt=\"\" class=\"wp-image-119\" srcset=\"http:\/\/trener.org.pl\/wp-content\/uploads\/2022\/06\/seo-etapy-dzialania-1024x324.png 1024w, http:\/\/trener.org.pl\/wp-content\/uploads\/2022\/06\/seo-etapy-dzialania-300x95.png 300w, http:\/\/trener.org.pl\/wp-content\/uploads\/2022\/06\/seo-etapy-dzialania-768x243.png 768w, http:\/\/trener.org.pl\/wp-content\/uploads\/2022\/06\/seo-etapy-dzialania-555x176.png 555w, http:\/\/trener.org.pl\/wp-content\/uploads\/2022\/06\/seo-etapy-dzialania-253x80.png 253w, http:\/\/trener.org.pl\/wp-content\/uploads\/2022\/06\/seo-etapy-dzialania.png 1072w\" sizes=\"auto, (max-width: 1024px) 100vw, 1024px\" \/><\/figure>\n<\/div>\n\n\n<p>Jestem certyfikowanym trenerem biznesu z 18-letnim do\u015bwiadczeniem (>9750 h) w diagnozowaniu, organizowaniu, projektowaniu projekt\u00f3w szkoleniowo-warsztatowych. Specjalizuj\u0119 si\u0119 w rozwoju tzw. mi\u0119kkich komptencji:<\/p>\n\n\n\n<ul class=\"wp-block-list\"><li>komunikacja interpersonalna<ul><li>efektywna komunikacja z klientem<\/li><li>komunikacja w obs\u0142udze klienta<\/li><li>praca z tzw. trudnym klientem (cho\u0107 to nie jest dobry termin, jednak tak cz\u0119sto to nazywamy)<\/li><li>komunikacja w zespo\u0142ach<\/li><li>komunikacja perswazyjna<\/li><li>obrona przed manipulacj\u0105<\/li><li>komunikacja werbalna\/niewerbalna,<\/li><\/ul><\/li><li>techniki prezentacji, wyst\u0105pie\u0144 publicznych <ul><li>autoprezentacji <\/li><\/ul><\/li><li>rozwi\u0105zanie konflikt\u00f3w, zarz\u0105dzanie konfliktami,<\/li><li>negocjacje,<ul><li>negocjacje sprzeda\u017cowe\/zakupowe<\/li><li>techniki obrony ceny,<\/li><\/ul><\/li><li>budowanie relacji biznesowych,<\/li><li>mediacje w praktyce,<\/li><li>zarz\u0105dzanie sob\u0105 w czasie,<\/li><li>inteligencja emocjonalna<ul><li>radzenie sobie ze steresem<\/li><\/ul><\/li><li>odprono\u015b\u0107 psychiczna \/ rezyliencja<\/li><li>techniki kreatywno\u015bci<ul><li>strategia b\u0142\u0119kitnego oceanu (BOS &#8211; Blue Ocean Strategy)<\/li><\/ul><\/li><li>wdra\u017canie modeli biznesowych, <\/li><li>zarz\u0105dzanie innowacj\u0105 w organizacji; <\/li><\/ul>\n\n\n\n<p>w swojej pracy aktywnie wykorzystuje technologie ICT oraz aktywne metody warsztatowe. Prowadz\u0119 i\/lub wspomagam procesy oraz przygotowania do negocjacji handlowych dla klient\u00f3w biznesowych. <\/p>\n\n\n\n<p>Realizowa\u0142em projekty szkoleniowe m.in. Salesforce, ULMA-C, P4 &#8211; Play, PoloMarket, Fox International Channels, Mobilis Group, Grupa Aptek Prima, 37 firm z bran\u017cy produkcji mleczarskiej. <\/p>\n\n\n\n<blockquote class=\"wp-block-quote is-layout-flow wp-block-quote-is-layout-flow\"><p>Unikaln\u0105 kompetencj\u0105 jest praktyka zawodowa z pracy w ka\u017cdym z sektor\u00f3w gospodarki, kt\u00f3r\u0105 skutecznie wykorzystuje w pracy dla klient\u00f3w z sektora: biznesu (korporacje oraz SMP), organizacje pozarz\u0105dowe (NGO), administracja publiczna oraz samorz\u0105dowa.<\/p><\/blockquote>\n\n\n\n<p><strong>Procesy szkoleniowe nie zawsze s\u0105 wystarczaj\u0105ce dla wzmocnienia komptencji Twojego zespo\u0142u i ogranizacji<\/strong>. Wiem to nie tylko pracuj\u0105c jako trener. Pracuj\u0119 jako ekspert ds. szkole\u0144 i wsp\u00f3\u0142pracy &#8211; pracuj\u0105c z ponad 70 osobowym zespo\u0142em doradc\u00f3w ZMP &#8211; gdzie najlepiej na codzie\u0144 poznajemy, \u017ce efektywny rozw\u00f3j organizacji dla kt\u00f3rych pracujemy i kt\u00f3rym doradzamy wymaga nie tylko szkole\u0144, ale te\u017c innych form wsparcia efektywno\u015bci. Jest to:<br><\/p>\n\n\n\n<ul class=\"wp-block-list\"><li><strong>facylitacja<\/strong> &#8211; zaplanowany proces pracy z zespo\u0142em maj\u0105cy na celu zamiast uczenia cz\u0142onk\u00f3w zespo\u0142u &#8211; wykorzystania ich wiedzy i zasob\u00f3w w rozwi\u0105zaniu okre\u015blonych problem\u00f3w i wyzwa\u0144 przed jakimi staje ogranizacja.<\/li><li><strong>coaching<\/strong> &#8211; metoda pracy pog\u0142\u0119biaj\u0105ca zazwyczaj obszary poruszane na szkoleniach, stanowi r\u00f3wnie\u017c sprawdzon\u0105 formu\u0142\u0119 \u0142\u0105cz\u0105c\u0105 szkolenie z generowaniem rozwi\u0105za\u0144 w oparciu o posiadane ju\u017c do\u015bwiadczenie:<ul><li><strong>coaching indywidualny<\/strong> &#8211; praca z poszczeg\u00f3lnymi osobami &#8211; szczeg\u00f3lnie jest pomocna na etapie zmiany mentalnych strategii, gdzie wysy\u0142anie uczestnika\/czki na kolejne szkolenie nie skutkuje oczekiwan\u0105 zmian\u0105 postaw i zachowa\u0144.<\/li><li><strong>coaching zespo\u0142owy <\/strong>&#8211; formu\u0142a pracy z zespo\u0142em &#8211; sprawdza si\u0119 jako kontynuacja i pog\u0142\u0119bienie poznanej wiedzy w celu lepszego wygenerowania specyficznych rozwi\u0105za\u0144 w oparciu o wiedz\u0119 ze szkole\u0144 oraz w\u0142asnej praktyki uczestnik\u00f3w &#8211; wynikiem jest lepsze rozumienie zada\u0144, wygenerowanie wsp\u00f3lnych rozwi\u0105za\u0144, kt\u00f3re cz\u0119sto interguj\u0105 wiedz\u0119 poszczeg\u00f3lnych os\u00f3b. <\/li><\/ul><\/li><li><strong>mediacje<\/strong> &#8211; specyficzna forma wsparcia organizacji i zespo\u0142\u00f3w w sytuacjach konfliktowych<\/li><li><strong>diagnoza i doradztwo<\/strong> &#8211; szersza formu\u0142\u0105 wsparcia obejmuj\u0105ca r\u00f3\u017cne obszary pracy ogranizacji &#8211; od analiz proces\u00f3w organizacyjnych (cz\u0119sto okazuje si\u0119, \u017ce szkolenie nie koniecznie musi by\u0107 rozwi\u0105zaniem dostrzeganych problem\u00f3w w efektywno\u015bci) a\u017c po narz\u0119dzia <strong>rozwoju talent\u00f3w<\/strong> w organiazcji (<a href=\"http:\/\/www.leanrecruiting.pl\">talent developer<\/a>). <\/li><\/ul>\n\n\n\n<p><br><\/p>\n\n\n\n<div class=\"wp-block-columns is-layout-flex wp-container-core-columns-is-layout-9d6595d7 wp-block-columns-is-layout-flex\">\n<div class=\"wp-block-column is-layout-flow wp-block-column-is-layout-flow\">\n<h2 class=\"wp-block-heading\" id=\"approaches\">Podej\u015bcie<\/h2>\n\n\n\n<p>Kluczowe w pracy rozwojowej jest \u0142\u0105czenie podej\u015bcia systemowego spojrzenia na cz\u0142owieka w ogranizacji, sam\u0105 organizacj\u0119 i zesp\u00f3\u0142. Do tego dobra precyzyjna komunikacji oraz emaptia. <\/p>\n\n\n\n<p><\/p>\n<\/div>\n\n\n\n<div class=\"wp-block-column is-layout-flow wp-block-column-is-layout-flow\">\n<h2 class=\"wp-block-heading\" id=\"specialization\">Specjalizacja<\/h2>\n\n\n\n<p>Szkolenia i wartsztaty z obszar\u00f3w:<\/p>\n\n\n\n<ul class=\"wp-block-list\"><li>Komunikacja<\/li><li>Negocjacje<\/li><li>Rozwi\u0105zywanie konflikt\u00f3w<\/li><li>Zarz\u0105dzanie czasem<\/li><li>Kompetencje mened\u017cerskie<\/li><li>Rezyliencja<\/li><\/ul>\n<\/div>\n<\/div>\n\n\n\n<div id=\"block-9beaba-59f0-47\" class=\"wp-block-gutenbee-accordion block-9beaba-59f0-47 block-9beaba-59f0-47\" data-collapse-others=\"true\"><div class=\"wp-block-gutenbee-accordion-item\"><div class=\"wp-block-gutenbee-accordion-item-title\"><span class=\"wp-block-gutenbee-accordion-item-title-content\">Szkolenia <\/span><span class=\"wp-block-gutenbee-accordion-item-title-icon\"><\/span><\/div><div class=\"wp-block-gutenbee-accordion-item-content-wrap\"><div class=\"wp-block-gutenbee-accordion-item-content\"><p class=\"wp-block-gutenbee-accordion-item-text\">Szkolenia<\/p><\/div><\/div><\/div><div class=\"wp-block-gutenbee-accordion-item\"><div class=\"wp-block-gutenbee-accordion-item-title\"><span class=\"wp-block-gutenbee-accordion-item-title-content\">Warsztaty<\/span><span class=\"wp-block-gutenbee-accordion-item-title-icon\"><\/span><\/div><div class=\"wp-block-gutenbee-accordion-item-content-wrap\"><div class=\"wp-block-gutenbee-accordion-item-content\"><p class=\"wp-block-gutenbee-accordion-item-text\"> <\/p><\/div><\/div><\/div><div class=\"wp-block-gutenbee-accordion-item\"><div class=\"wp-block-gutenbee-accordion-item-title\"><span class=\"wp-block-gutenbee-accordion-item-title-content\">Facylitacja<\/span><span class=\"wp-block-gutenbee-accordion-item-title-icon\"><\/span><\/div><div class=\"wp-block-gutenbee-accordion-item-content-wrap\"><div class=\"wp-block-gutenbee-accordion-item-content\"><p class=\"wp-block-gutenbee-accordion-item-text\">Facylitacja<\/p><\/div><\/div><\/div><\/div>\n\n\n\n<p><\/p>\n","protected":false},"excerpt":{"rendered":"<p>Prowadz\u0119 pe\u0142ne procesy szkoleniowe oraz warsztatowe zgodnie z zapotrzebowaniem klienta. Korzystam z metodyki HRD BP &#8211; szkole\u0144 efektywnych organizacyjnie. Jestem certyfikowanym trenerem biznesu z 18-letnim do\u015bwiadczeniem (>9750 h) w diagnozowaniu, organizowaniu, projektowaniu projekt\u00f3w szkoleniowo-warsztatowych. Specjalizuj\u0119 si\u0119 w rozwoju tzw. mi\u0119kkich komptencji: komunikacja interpersonalna efektywna komunikacja z klientem komunikacja w obs\u0142udze klienta praca z tzw. trudnym [&hellip;]<\/p>\n","protected":false},"author":1,"featured_media":0,"parent":0,"menu_order":0,"comment_status":"closed","ping_status":"closed","template":"","meta":{"footnotes":""},"class_list":["post-30","page","type-page","status-publish","hentry"],"_links":{"self":[{"href":"http:\/\/trener.org.pl\/index.php\/wp-json\/wp\/v2\/pages\/30","targetHints":{"allow":["GET"]}}],"collection":[{"href":"http:\/\/trener.org.pl\/index.php\/wp-json\/wp\/v2\/pages"}],"about":[{"href":"http:\/\/trener.org.pl\/index.php\/wp-json\/wp\/v2\/types\/page"}],"author":[{"embeddable":true,"href":"http:\/\/trener.org.pl\/index.php\/wp-json\/wp\/v2\/users\/1"}],"replies":[{"embeddable":true,"href":"http:\/\/trener.org.pl\/index.php\/wp-json\/wp\/v2\/comments?post=30"}],"version-history":[{"count":9,"href":"http:\/\/trener.org.pl\/index.php\/wp-json\/wp\/v2\/pages\/30\/revisions"}],"predecessor-version":[{"id":127,"href":"http:\/\/trener.org.pl\/index.php\/wp-json\/wp\/v2\/pages\/30\/revisions\/127"}],"wp:attachment":[{"href":"http:\/\/trener.org.pl\/index.php\/wp-json\/wp\/v2\/media?parent=30"}],"curies":[{"name":"wp","href":"https:\/\/api.w.org\/{rel}","templated":true}]}}